{"id":41,"date":"2025-11-12T12:43:20","date_gmt":"2025-11-12T11:43:20","guid":{"rendered":"https:\/\/wetransit.co\/wt\/home\/"},"modified":"2025-11-13T13:49:16","modified_gmt":"2025-11-13T12:49:16","slug":"home","status":"publish","type":"page","link":"https:\/\/wetransit.co\/wt\/","title":{"rendered":"Pure Cloud Player"},"content":{"rendered":"\n\n\n\n\n<h1>R\u00e9ussissez votre transition vers le cloud Azure avec un partenaire exp\u00e9riment\u00e9.<\/h1>\n\n\n\n<p [object NamedNodeMap]><span style=\"color: rgb(255, 255, 255);\"> Install\u00e9e a Paris depuis <span style=\"color: rgb(204, 224, 245);\">2014<\/span>, <strong style=\"color: rgb(204, 224, 245);\">WE TRANSIT Labs<\/strong><span style=\"color:#0066cc;\"><\/span> guide ses clients dans leur transition avec des solutions adapt\u00e9es \u00e0 leurs besoins.<\/span><\/p>\n\n\n\n\n\n\n\n<h6>\u00a0<\/h6>\n\n\n\n<h2><span style=\"color: #2A83F9\">NOS\u00a0<\/span>services<\/h2>\n\n\n\n\n\n<p [object NamedNodeMap]>\u00a0<\/p>\n\n\n\n\n\n\n\n<p>Nous accompagnons et ma\u00eetrisons chaque \u00e9tape de votre migration vers le cloud Microsoft.<\/p>\n\n\n\n\n\n<p>Nous transformons vos donn\u00e9es en leviers d\u2019action concrets pour booster votre performance commerciale.<\/p>\n\n\n\n\n\n<p>Optimisation de votre consommation cloud.\u00a0<\/p>\n\n\n\n\n\n\n\n<h2>\u00c9vitez le surco\u00fbt dans le cloud Azure\u00a0<\/h2>\n\n\n\n<h4><span style=\"font-weight: normal;\">ccALERT <\/span>permet d\u2019identifier les d\u00e9penses inutiles<\/h4>\n\n\n\n<p [object NamedNodeMap]><span style=\"color: rgb(255, 255, 255);\">Notre service analyse chaque jour votre consommation Azure pour rep\u00e9rer automatiquement toute d\u00e9pense anormale \u00e0 l\u2019aide d\u2019une IA de pointe.<\/span><\/p>\n\n\n\n\n\n\n\n\n\n\n\n<h6>\u00a0<\/h6>\n\n\n\n<h2><span style=\"color: #2A83F9\">CAS\u00a0<\/span>clients<\/h2>\n\n\n\n<h4>\u00a0<\/h4>\n\n\n\n\n\n<div>Projet <i>Move to Cloud<\/i>. Transfer des charges de travail on-premises vers Microsoft Azure. Mise en place d\u2019outils de transformation des donn\u00e9es et supervision et d\u2019optimisation des co\u00fbts.<\/div>\n\n\n\n<div>Sp\u00e9cification Centre de Contr\u00f4le Metro Hong Kong.<\/div><div><br><\/div>\n\n\n\n\n\nSyst\u00e8me pour la mise en conformit\u00e9 GDPR sur le data lake Azure.\n\n\n\nAudits de qualit\u00e9 logicielle sur diverses plateformes.\n\n\n\n\n\n<p>Exposition via API des donn\u00e9es de\u00a0 collectivit\u00e9s et \u00e9tablissements INSEE.<\/p>\n\n\n\n<p>Optimisation sur Azure des flux de collecte et transformation de donn\u00e9es&nbsp; des capteurs \u00e9nerg\u00e9tiques&nbsp; .<\/p><p><br><\/p>\n\n\n\n\n\n\n\n<p class=\"has-white-color has-text-color has-link-color wp-elements-c645e628e62f8fbab9d9726851472d16\"><\/p>\n\n\n\n<p class=\"has-small-font-size\"><\/p>\n\n\n\n<p class=\"has-vivid-red-color has-text-color has-link-color wp-elements-c9365267f914bd71ea50e5e539e3962b\"><\/p>\n","protected":false},"excerpt":{"rendered":"","protected":false},"author":1,"featured_media":0,"parent":0,"menu_order":0,"comment_status":"closed","ping_status":"closed","template":"","meta":{"pagelayer_contact_templates":[],"_pagelayer_content":"","footnotes":""},"class_list":["post-41","page","type-page","status-publish","hentry"],"yoast_head":"<!-- This site is optimized with the Yoast SEO plugin v26.3 - https:\/\/yoast.com\/wordpress\/plugins\/seo\/ -->\n<title>Pure Cloud Player - We Transit Labs<\/title>\n<meta name=\"robots\" content=\"index, follow, max-snippet:-1, max-image-preview:large, max-video-preview:-1\" \/>\n<link rel=\"canonical\" href=\"https:\/\/wetransit.co\/wt\/\" \/>\n<meta property=\"og:locale\" content=\"en_US\" \/>\n<meta property=\"og:type\" content=\"article\" \/>\n<meta property=\"og:title\" content=\"Pure Cloud Player - We Transit Labs\" \/>\n<meta property=\"og:url\" content=\"https:\/\/wetransit.co\/wt\/\" \/>\n<meta property=\"og:site_name\" content=\"We Transit Labs\" \/>\n<meta property=\"article:modified_time\" content=\"2025-11-13T12:49:16+00:00\" \/>\n<meta name=\"twitter:card\" content=\"summary_large_image\" \/>\n<meta name=\"twitter:label1\" content=\"Est. reading time\" \/>\n\t<meta name=\"twitter:data1\" content=\"1 minute\" \/>\n<script type=\"application\/ld+json\" class=\"yoast-schema-graph\">{\"@context\":\"https:\/\/schema.org\",\"@graph\":[{\"@type\":\"WebPage\",\"@id\":\"https:\/\/wetransit.co\/wt\/\",\"url\":\"https:\/\/wetransit.co\/wt\/\",\"name\":\"Pure Cloud Player - We Transit Labs\",\"isPartOf\":{\"@id\":\"https:\/\/wetransit.co\/wt\/#website\"},\"datePublished\":\"2025-11-12T11:43:20+00:00\",\"dateModified\":\"2025-11-13T12:49:16+00:00\",\"breadcrumb\":{\"@id\":\"https:\/\/wetransit.co\/wt\/#breadcrumb\"},\"inLanguage\":\"en-US\",\"potentialAction\":[{\"@type\":\"ReadAction\",\"target\":[\"https:\/\/wetransit.co\/wt\/\"]}]},{\"@type\":\"BreadcrumbList\",\"@id\":\"https:\/\/wetransit.co\/wt\/#breadcrumb\",\"itemListElement\":[{\"@type\":\"ListItem\",\"position\":1,\"name\":\"Home\",\"item\":\"https:\/\/wetransit.co\/wt\/\"},{\"@type\":\"ListItem\",\"position\":2,\"name\":\"Pure Cloud Player\"}]},{\"@type\":\"WebSite\",\"@id\":\"https:\/\/wetransit.co\/wt\/#website\",\"url\":\"https:\/\/wetransit.co\/wt\/\",\"name\":\"We Transit Labs\",\"description\":\"Azure Cloud Engineering and Finops\",\"publisher\":{\"@id\":\"https:\/\/wetransit.co\/wt\/#organization\"},\"potentialAction\":[{\"@type\":\"SearchAction\",\"target\":{\"@type\":\"EntryPoint\",\"urlTemplate\":\"https:\/\/wetransit.co\/wt\/?s={search_term_string}\"},\"query-input\":{\"@type\":\"PropertyValueSpecification\",\"valueRequired\":true,\"valueName\":\"search_term_string\"}}],\"inLanguage\":\"en-US\"},{\"@type\":\"Organization\",\"@id\":\"https:\/\/wetransit.co\/wt\/#organization\",\"name\":\"We Transit Labs\",\"url\":\"https:\/\/wetransit.co\/wt\/\",\"logo\":{\"@type\":\"ImageObject\",\"inLanguage\":\"en-US\",\"@id\":\"https:\/\/wetransit.co\/wt\/#\/schema\/logo\/image\/\",\"url\":\"https:\/\/wetransit.co\/wt\/wp-content\/uploads\/2025\/11\/cropped-wt-logo.jpg\",\"contentUrl\":\"https:\/\/wetransit.co\/wt\/wp-content\/uploads\/2025\/11\/cropped-wt-logo.jpg\",\"width\":966,\"height\":225,\"caption\":\"We Transit Labs\"},\"image\":{\"@id\":\"https:\/\/wetransit.co\/wt\/#\/schema\/logo\/image\/\"}}]}<\/script>\n<!-- \/ Yoast SEO plugin. -->","yoast_head_json":{"title":"Pure Cloud Player - We Transit Labs","robots":{"index":"index","follow":"follow","max-snippet":"max-snippet:-1","max-image-preview":"max-image-preview:large","max-video-preview":"max-video-preview:-1"},"canonical":"https:\/\/wetransit.co\/wt\/","og_locale":"en_US","og_type":"article","og_title":"Pure Cloud Player - We Transit Labs","og_url":"https:\/\/wetransit.co\/wt\/","og_site_name":"We Transit Labs","article_modified_time":"2025-11-13T12:49:16+00:00","twitter_card":"summary_large_image","twitter_misc":{"Est. reading time":"1 minute"},"schema":{"@context":"https:\/\/schema.org","@graph":[{"@type":"WebPage","@id":"https:\/\/wetransit.co\/wt\/","url":"https:\/\/wetransit.co\/wt\/","name":"Pure Cloud Player - We Transit Labs","isPartOf":{"@id":"https:\/\/wetransit.co\/wt\/#website"},"datePublished":"2025-11-12T11:43:20+00:00","dateModified":"2025-11-13T12:49:16+00:00","breadcrumb":{"@id":"https:\/\/wetransit.co\/wt\/#breadcrumb"},"inLanguage":"en-US","potentialAction":[{"@type":"ReadAction","target":["https:\/\/wetransit.co\/wt\/"]}]},{"@type":"BreadcrumbList","@id":"https:\/\/wetransit.co\/wt\/#breadcrumb","itemListElement":[{"@type":"ListItem","position":1,"name":"Home","item":"https:\/\/wetransit.co\/wt\/"},{"@type":"ListItem","position":2,"name":"Pure Cloud Player"}]},{"@type":"WebSite","@id":"https:\/\/wetransit.co\/wt\/#website","url":"https:\/\/wetransit.co\/wt\/","name":"We Transit Labs","description":"Azure Cloud Engineering and Finops","publisher":{"@id":"https:\/\/wetransit.co\/wt\/#organization"},"potentialAction":[{"@type":"SearchAction","target":{"@type":"EntryPoint","urlTemplate":"https:\/\/wetransit.co\/wt\/?s={search_term_string}"},"query-input":{"@type":"PropertyValueSpecification","valueRequired":true,"valueName":"search_term_string"}}],"inLanguage":"en-US"},{"@type":"Organization","@id":"https:\/\/wetransit.co\/wt\/#organization","name":"We Transit Labs","url":"https:\/\/wetransit.co\/wt\/","logo":{"@type":"ImageObject","inLanguage":"en-US","@id":"https:\/\/wetransit.co\/wt\/#\/schema\/logo\/image\/","url":"https:\/\/wetransit.co\/wt\/wp-content\/uploads\/2025\/11\/cropped-wt-logo.jpg","contentUrl":"https:\/\/wetransit.co\/wt\/wp-content\/uploads\/2025\/11\/cropped-wt-logo.jpg","width":966,"height":225,"caption":"We Transit Labs"},"image":{"@id":"https:\/\/wetransit.co\/wt\/#\/schema\/logo\/image\/"}}]}},"_links":{"self":[{"href":"https:\/\/wetransit.co\/wt\/wp-json\/wp\/v2\/pages\/41","targetHints":{"allow":["GET"]}}],"collection":[{"href":"https:\/\/wetransit.co\/wt\/wp-json\/wp\/v2\/pages"}],"about":[{"href":"https:\/\/wetransit.co\/wt\/wp-json\/wp\/v2\/types\/page"}],"author":[{"embeddable":true,"href":"https:\/\/wetransit.co\/wt\/wp-json\/wp\/v2\/users\/1"}],"replies":[{"embeddable":true,"href":"https:\/\/wetransit.co\/wt\/wp-json\/wp\/v2\/comments?post=41"}],"version-history":[{"count":28,"href":"https:\/\/wetransit.co\/wt\/wp-json\/wp\/v2\/pages\/41\/revisions"}],"predecessor-version":[{"id":127,"href":"https:\/\/wetransit.co\/wt\/wp-json\/wp\/v2\/pages\/41\/revisions\/127"}],"wp:attachment":[{"href":"https:\/\/wetransit.co\/wt\/wp-json\/wp\/v2\/media?parent=41"}],"curies":[{"name":"wp","href":"https:\/\/api.w.org\/{rel}","templated":true}]}}